{"id":9737,"date":"2020-01-22T17:09:11","date_gmt":"2020-01-22T16:09:11","guid":{"rendered":"https:\/\/www.allianz-pro-schiene.de\/en\/?page_id=9737"},"modified":"2025-01-06T09:38:30","modified_gmt":"2025-01-06T08:38:30","slug":"contact","status":"publish","type":"page","link":"https:\/\/www.allianz-pro-schiene.de\/en\/contact\/","title":{"rendered":"Contact"},"content":{"rendered":"<p><strong>Contact:<\/strong><\/p>\n<p>Allianz pro Schiene e.V.<br \/>\nReinhardtstra\u00dfe 31<br \/>\n10117 Berlin<\/p>\n<p>Phone +49 (30) 24 62 599-0<br \/>\nFax +49 (30) 24 62 599-29<br \/>\nE-Mail: <a class=\"mail\" title=\"E-Mail schreiben: info [at] allianz-pro-schiene [dot] de\" href=\"mailto:%69%6e%66%6f%40%61%6c%6c%69%61%6e%7a%2d%70%72%6f%2d%73%63%68%69%65%6e%65%2e%64%65\">info@allianz-pro-schiene.de<\/a><\/p>\n<p><a class=\"extern\" title=\"externer Link: https:\/\/maps.google.de\/maps?q=allianz pro schiene&amp;hl=de&amp;ll=52.52318,13.379266&amp;spn=0.009348,0.026157&amp;geocode= &amp;hq=allianz pro schiene&amp;t=m&amp;z=16, \u00f6ffnet in einem neuen Fenster\" href=\"https:\/\/maps.google.de\/maps?q=allianz+pro+schiene&amp;hl=de&amp;ll=52.52318,13.379266&amp;spn=0.009348,0.026157&amp;geocode=+&amp;hq=allianz+pro+schiene&amp;t=m&amp;z=16\" target=\"_blank\" rel=\"noopener noreferrer\">Your way to the office of the Pro-Rail Alliance<\/a><\/p>\n<div class=\"richtext\">\n<h3>How to reach us by public transport<\/h3>\n<ul>\n<li>Take the U6 (from the south) or all S-Bahn trains to Friedrichstra\u00dfe station.<br \/>\nFrom Friedrichstra\u00dfe walk over the railway bridge through Albrechtstra\u00dfe, then turn left into Reinhardtstra\u00dfe (approx. 5 minutes).<\/li>\n<li>Take the U6 (from the north) to the station Oranienburger Tor. From there walk along Friedrichstra\u00dfe to Reinhardtstra\u00dfe. (about 10 minutes).<\/li>\n<li>Take the TXL (coming from Tegel airport) to the stop Marschallbr\u00fccke (from there approx. 4 min. on foot).<\/li>\n<\/ul>\n<h3>From Berlin Central Station<\/h3>\n<ul>\n<li>With all S-Bahn trains to Friedrichstra\u00dfe<\/li>\n<li>Bus 147 to bus stop Deutsches Theater (from there approx. 2 min. on foot)<\/li>\n<li>On foot over the Kapelleufer into the Reinhardtstra\u00dfe (approx. 10 minutes)<\/li>\n<\/ul>\n<p>If you would like to be kept up to date with the latest news on transport policy, you can subscribe to our <a href=\"https:\/\/www.allianz-pro-schiene.de\/en\/press-contact\/newsletter\/\">newsletter<\/a> or <a href=\"\/feed\">RSS Feed<\/a>.<\/p>\n<\/div>\n","protected":false},"excerpt":{"rendered":"<p>Contact: Allianz pro Schiene e.V. Reinhardtstra\u00dfe 31 10117 Berlin Phone +49 (30) 24 62 599-0 Fax +49 (30) 24 62 599-29 E-Mail: info@allianz-pro-schiene.de Your way to the office of the Pro-Rail Alliance How to reach us by public transport Take the U6 (from the south) or all S-Bahn trains to Friedrichstra\u00dfe station. From Friedrichstra\u00dfe walk [&hellip;]<\/p>\n","protected":false},"author":479,"featured_media":0,"parent":0,"menu_order":4,"comment_status":"closed","ping_status":"closed","template":"","meta":{"_acf_changed":false,"inline_featured_image":false,"footnotes":""},"categories":[],"tags":[],"class_list":["post-9737","page","type-page","status-publish","hentry"],"acf":[],"_links":{"self":[{"href":"https:\/\/www.allianz-pro-schiene.de\/en\/wp-json\/wp\/v2\/pages\/9737","targetHints":{"allow":["GET"]}}],"collection":[{"href":"https:\/\/www.allianz-pro-schiene.de\/en\/wp-json\/wp\/v2\/pages"}],"about":[{"href":"https:\/\/www.allianz-pro-schiene.de\/en\/wp-json\/wp\/v2\/types\/page"}],"author":[{"embeddable":true,"href":"https:\/\/www.allianz-pro-schiene.de\/en\/wp-json\/wp\/v2\/users\/479"}],"replies":[{"embeddable":true,"href":"https:\/\/www.allianz-pro-schiene.de\/en\/wp-json\/wp\/v2\/comments?post=9737"}],"version-history":[{"count":8,"href":"https:\/\/www.allianz-pro-schiene.de\/en\/wp-json\/wp\/v2\/pages\/9737\/revisions"}],"predecessor-version":[{"id":115448,"href":"https:\/\/www.allianz-pro-schiene.de\/en\/wp-json\/wp\/v2\/pages\/9737\/revisions\/115448"}],"wp:attachment":[{"href":"https:\/\/www.allianz-pro-schiene.de\/en\/wp-json\/wp\/v2\/media?parent=9737"}],"wp:term":[{"taxonomy":"category","embeddable":true,"href":"https:\/\/www.allianz-pro-schiene.de\/en\/wp-json\/wp\/v2\/categories?post=9737"},{"taxonomy":"post_tag","embeddable":true,"href":"https:\/\/www.allianz-pro-schiene.de\/en\/wp-json\/wp\/v2\/tags?post=9737"}],"curies":[{"name":"wp","href":"https:\/\/api.w.org\/{rel}","templated":true}]}}